{"id":20301,"date":"2025-11-04T12:15:09","date_gmt":"2025-11-04T12:15:09","guid":{"rendered":"https:\/\/radalmedia.lat\/vinas\/?post_type=product&#038;p=20301"},"modified":"2025-11-14T04:24:02","modified_gmt":"2025-11-14T04:24:02","slug":"mix-library-release-2011-2012-2013","status":"publish","type":"product","link":"https:\/\/caliboro.com\/en\/product\/mix-library-release-2011-2012-2013\/","title":{"rendered":"Mix Library Release 2011, 2012, 2013"},"content":{"rendered":"<p data-start=\"716\" data-end=\"916\">Una edici\u00f3n especial que celebra la madurez y el car\u00e1cter del tiempo.<br data-start=\"841\" data-end=\"844\" \/>Incluye seis botellas provenientes de nuestras reservas m\u00e1s preciadas:<\/p>\n<ul data-start=\"917\" data-end=\"973\">\n<li data-start=\"917\" data-end=\"935\">\n<p data-start=\"919\" data-end=\"935\">2 \u00d7 Blend 2011<\/p>\n<\/li>\n<li data-start=\"936\" data-end=\"954\">\n<p data-start=\"938\" data-end=\"954\">2 \u00d7 Blend 2012<\/p>\n<\/li>\n<li data-start=\"955\" data-end=\"973\">\n<p data-start=\"957\" data-end=\"973\">2 \u00d7 Blend 2013<\/p>\n<\/li>\n<\/ul>\n<p data-start=\"975\" data-end=\"1171\">Cada cosecha revela una expresi\u00f3n distinta de nuestro terru\u00f1o y la evoluci\u00f3n de nuestros ensamblajes a lo largo de los a\u00f1os. Una oportunidad \u00fanica para degustar tres cap\u00edtulos de nuestra historia.<\/p>","protected":false},"excerpt":{"rendered":"<p>Una edici\u00f3n especial que celebra la madurez y el car\u00e1cter del tiempo.<\/p>","protected":false},"featured_media":20302,"comment_status":"open","ping_status":"closed","template":"","meta":[],"product_brand":[],"product_cat":[207],"product_tag":[],"class_list":{"0":"post-20301","1":"product","2":"type-product","3":"status-publish","4":"has-post-thumbnail","6":"product_cat-varias","8":"first","9":"instock","10":"sale","11":"taxable","12":"shipping-taxable","13":"purchasable","14":"product-type-simple"},"yoast_head":"<!-- This site is optimized with the Yoast SEO plugin v25.3.1 - https:\/\/yoast.com\/wordpress\/plugins\/seo\/ -->\n<title>Mix Library Release 2011, 2012, 2013 - Erasmo<\/title>\n<meta name=\"description\" content=\"Una edici\u00f3n especial que celebra la madurez y el car\u00e1cter del tiempo.\" \/>\n<meta name=\"robots\" content=\"index, follow, max-snippet:-1, max-image-preview:large, max-video-preview:-1\" \/>\n<link rel=\"canonical\" href=\"https:\/\/caliboro.com\/en\/product\/mix-library-release-2011-2012-2013\/\" \/>\n<meta property=\"og:locale\" content=\"en_US\" \/>\n<meta property=\"og:type\" content=\"article\" \/>\n<meta property=\"og:title\" content=\"Mix Library Release 2011, 2012, 2013 - Erasmo\" \/>\n<meta property=\"og:description\" content=\"Una edici\u00f3n especial que celebra la madurez y el car\u00e1cter del tiempo.\" \/>\n<meta property=\"og:url\" content=\"https:\/\/caliboro.com\/en\/product\/mix-library-release-2011-2012-2013\/\" \/>\n<meta property=\"og:site_name\" content=\"Erasmo\" \/>\n<meta property=\"article:modified_time\" content=\"2025-11-14T04:24:02+00:00\" \/>\n<meta property=\"og:image\" content=\"https:\/\/caliboro.com\/wp-content\/uploads\/2025\/11\/6-Library-Release-todos.png\" \/>\n\t<meta property=\"og:image:width\" content=\"1000\" \/>\n\t<meta property=\"og:image:height\" content=\"1000\" \/>\n\t<meta property=\"og:image:type\" content=\"image\/png\" \/>\n<meta name=\"twitter:card\" content=\"summary_large_image\" \/>\n<meta name=\"twitter:label1\" content=\"Est. reading time\" \/>\n\t<meta name=\"twitter:data1\" content=\"1 minute\" \/>\n<script type=\"application\/ld+json\" class=\"yoast-schema-graph\">{\"@context\":\"https:\/\/schema.org\",\"@graph\":[{\"@type\":\"WebPage\",\"@id\":\"https:\/\/caliboro.com\/product\/mix-library-release-2011-2012-2013\/\",\"url\":\"https:\/\/caliboro.com\/product\/mix-library-release-2011-2012-2013\/\",\"name\":\"Mix Library Release 2011, 2012, 2013 - Erasmo\",\"isPartOf\":{\"@id\":\"https:\/\/caliboro.com\/#website\"},\"primaryImageOfPage\":{\"@id\":\"https:\/\/caliboro.com\/product\/mix-library-release-2011-2012-2013\/#primaryimage\"},\"image\":{\"@id\":\"https:\/\/caliboro.com\/product\/mix-library-release-2011-2012-2013\/#primaryimage\"},\"thumbnailUrl\":\"https:\/\/caliboro.com\/wp-content\/uploads\/2025\/11\/6-Library-Release-todos.png\",\"datePublished\":\"2025-11-04T12:15:09+00:00\",\"dateModified\":\"2025-11-14T04:24:02+00:00\",\"description\":\"Una edici\u00f3n especial que celebra la madurez y el car\u00e1cter del tiempo.\",\"breadcrumb\":{\"@id\":\"https:\/\/caliboro.com\/product\/mix-library-release-2011-2012-2013\/#breadcrumb\"},\"inLanguage\":\"en-US\",\"potentialAction\":[{\"@type\":\"ReadAction\",\"target\":[\"https:\/\/caliboro.com\/product\/mix-library-release-2011-2012-2013\/\"]}]},{\"@type\":\"ImageObject\",\"inLanguage\":\"en-US\",\"@id\":\"https:\/\/caliboro.com\/product\/mix-library-release-2011-2012-2013\/#primaryimage\",\"url\":\"https:\/\/caliboro.com\/wp-content\/uploads\/2025\/11\/6-Library-Release-todos.png\",\"contentUrl\":\"https:\/\/caliboro.com\/wp-content\/uploads\/2025\/11\/6-Library-Release-todos.png\",\"width\":1000,\"height\":1000},{\"@type\":\"BreadcrumbList\",\"@id\":\"https:\/\/caliboro.com\/product\/mix-library-release-2011-2012-2013\/#breadcrumb\",\"itemListElement\":[{\"@type\":\"ListItem\",\"position\":1,\"name\":\"Portada\",\"item\":\"https:\/\/caliboro.com\/\"},{\"@type\":\"ListItem\",\"position\":2,\"name\":\"Shop\",\"item\":\"https:\/\/caliboro.com\/shop\/\"},{\"@type\":\"ListItem\",\"position\":3,\"name\":\"Mix Library Release 2011, 2012, 2013\"}]},{\"@type\":\"WebSite\",\"@id\":\"https:\/\/caliboro.com\/#website\",\"url\":\"https:\/\/caliboro.com\/\",\"name\":\"Erasmo\",\"description\":\"Erasmo\",\"publisher\":{\"@id\":\"https:\/\/caliboro.com\/#organization\"},\"potentialAction\":[{\"@type\":\"SearchAction\",\"target\":{\"@type\":\"EntryPoint\",\"urlTemplate\":\"https:\/\/caliboro.com\/?s={search_term_string}\"},\"query-input\":{\"@type\":\"PropertyValueSpecification\",\"valueRequired\":true,\"valueName\":\"search_term_string\"}}],\"inLanguage\":\"en-US\"},{\"@type\":\"Organization\",\"@id\":\"https:\/\/caliboro.com\/#organization\",\"name\":\"Erasmo\",\"url\":\"https:\/\/caliboro.com\/\",\"logo\":{\"@type\":\"ImageObject\",\"inLanguage\":\"en-US\",\"@id\":\"https:\/\/caliboro.com\/#\/schema\/logo\/image\/\",\"url\":\"https:\/\/caliboro.com\/wp-content\/uploads\/2022\/02\/cropped-LOGO-ERASMO-COLOR.png\",\"contentUrl\":\"https:\/\/caliboro.com\/wp-content\/uploads\/2022\/02\/cropped-LOGO-ERASMO-COLOR.png\",\"width\":2362,\"height\":1792,\"caption\":\"Erasmo\"},\"image\":{\"@id\":\"https:\/\/caliboro.com\/#\/schema\/logo\/image\/\"}}]}<\/script>\n<!-- \/ Yoast SEO plugin. -->","yoast_head_json":{"title":"Mix Library Release 2011, 2012, 2013 - Erasmo","description":"Una edici\u00f3n especial que celebra la madurez y el car\u00e1cter del tiempo.","robots":{"index":"index","follow":"follow","max-snippet":"max-snippet:-1","max-image-preview":"max-image-preview:large","max-video-preview":"max-video-preview:-1"},"canonical":"https:\/\/caliboro.com\/en\/product\/mix-library-release-2011-2012-2013\/","og_locale":"en_US","og_type":"article","og_title":"Mix Library Release 2011, 2012, 2013 - Erasmo","og_description":"Una edici\u00f3n especial que celebra la madurez y el car\u00e1cter del tiempo.","og_url":"https:\/\/caliboro.com\/en\/product\/mix-library-release-2011-2012-2013\/","og_site_name":"Erasmo","article_modified_time":"2025-11-14T04:24:02+00:00","og_image":[{"width":1000,"height":1000,"url":"https:\/\/caliboro.com\/wp-content\/uploads\/2025\/11\/6-Library-Release-todos.png","type":"image\/png"}],"twitter_card":"summary_large_image","twitter_misc":{"Est. reading time":"1 minute"},"schema":{"@context":"https:\/\/schema.org","@graph":[{"@type":"WebPage","@id":"https:\/\/caliboro.com\/product\/mix-library-release-2011-2012-2013\/","url":"https:\/\/caliboro.com\/product\/mix-library-release-2011-2012-2013\/","name":"Mix Library Release 2011, 2012, 2013 - Erasmo","isPartOf":{"@id":"https:\/\/caliboro.com\/#website"},"primaryImageOfPage":{"@id":"https:\/\/caliboro.com\/product\/mix-library-release-2011-2012-2013\/#primaryimage"},"image":{"@id":"https:\/\/caliboro.com\/product\/mix-library-release-2011-2012-2013\/#primaryimage"},"thumbnailUrl":"https:\/\/caliboro.com\/wp-content\/uploads\/2025\/11\/6-Library-Release-todos.png","datePublished":"2025-11-04T12:15:09+00:00","dateModified":"2025-11-14T04:24:02+00:00","description":"Una edici\u00f3n especial que celebra la madurez y el car\u00e1cter del tiempo.","breadcrumb":{"@id":"https:\/\/caliboro.com\/product\/mix-library-release-2011-2012-2013\/#breadcrumb"},"inLanguage":"en-US","potentialAction":[{"@type":"ReadAction","target":["https:\/\/caliboro.com\/product\/mix-library-release-2011-2012-2013\/"]}]},{"@type":"ImageObject","inLanguage":"en-US","@id":"https:\/\/caliboro.com\/product\/mix-library-release-2011-2012-2013\/#primaryimage","url":"https:\/\/caliboro.com\/wp-content\/uploads\/2025\/11\/6-Library-Release-todos.png","contentUrl":"https:\/\/caliboro.com\/wp-content\/uploads\/2025\/11\/6-Library-Release-todos.png","width":1000,"height":1000},{"@type":"BreadcrumbList","@id":"https:\/\/caliboro.com\/product\/mix-library-release-2011-2012-2013\/#breadcrumb","itemListElement":[{"@type":"ListItem","position":1,"name":"Portada","item":"https:\/\/caliboro.com\/"},{"@type":"ListItem","position":2,"name":"Shop","item":"https:\/\/caliboro.com\/shop\/"},{"@type":"ListItem","position":3,"name":"Mix Library Release 2011, 2012, 2013"}]},{"@type":"WebSite","@id":"https:\/\/caliboro.com\/#website","url":"https:\/\/caliboro.com\/","name":"Erasmo","description":"Erasmo","publisher":{"@id":"https:\/\/caliboro.com\/#organization"},"potentialAction":[{"@type":"SearchAction","target":{"@type":"EntryPoint","urlTemplate":"https:\/\/caliboro.com\/?s={search_term_string}"},"query-input":{"@type":"PropertyValueSpecification","valueRequired":true,"valueName":"search_term_string"}}],"inLanguage":"en-US"},{"@type":"Organization","@id":"https:\/\/caliboro.com\/#organization","name":"Erasmo","url":"https:\/\/caliboro.com\/","logo":{"@type":"ImageObject","inLanguage":"en-US","@id":"https:\/\/caliboro.com\/#\/schema\/logo\/image\/","url":"https:\/\/caliboro.com\/wp-content\/uploads\/2022\/02\/cropped-LOGO-ERASMO-COLOR.png","contentUrl":"https:\/\/caliboro.com\/wp-content\/uploads\/2022\/02\/cropped-LOGO-ERASMO-COLOR.png","width":2362,"height":1792,"caption":"Erasmo"},"image":{"@id":"https:\/\/caliboro.com\/#\/schema\/logo\/image\/"}}]}},"_links":{"self":[{"href":"https:\/\/caliboro.com\/en\/wp-json\/wp\/v2\/product\/20301","targetHints":{"allow":["GET"]}}],"collection":[{"href":"https:\/\/caliboro.com\/en\/wp-json\/wp\/v2\/product"}],"about":[{"href":"https:\/\/caliboro.com\/en\/wp-json\/wp\/v2\/types\/product"}],"replies":[{"embeddable":true,"href":"https:\/\/caliboro.com\/en\/wp-json\/wp\/v2\/comments?post=20301"}],"wp:featuredmedia":[{"embeddable":true,"href":"https:\/\/caliboro.com\/en\/wp-json\/wp\/v2\/media\/20302"}],"wp:attachment":[{"href":"https:\/\/caliboro.com\/en\/wp-json\/wp\/v2\/media?parent=20301"}],"wp:term":[{"taxonomy":"product_brand","embeddable":true,"href":"https:\/\/caliboro.com\/en\/wp-json\/wp\/v2\/product_brand?post=20301"},{"taxonomy":"product_cat","embeddable":true,"href":"https:\/\/caliboro.com\/en\/wp-json\/wp\/v2\/product_cat?post=20301"},{"taxonomy":"product_tag","embeddable":true,"href":"https:\/\/caliboro.com\/en\/wp-json\/wp\/v2\/product_tag?post=20301"}],"curies":[{"name":"wp","href":"https:\/\/api.w.org\/{rel}","templated":true}]}}