{"id":20303,"date":"2025-11-04T12:21:09","date_gmt":"2025-11-04T12:21:09","guid":{"rendered":"https:\/\/radalmedia.lat\/vinas\/?post_type=product&#038;p=20303"},"modified":"2025-11-14T04:23:48","modified_gmt":"2025-11-14T04:23:48","slug":"mix-vinos-jovenes","status":"publish","type":"product","link":"https:\/\/caliboro.com\/en\/product\/mix-vinos-jovenes\/","title":{"rendered":"Mix Vinos J\u00f3venes"},"content":{"rendered":"<p data-start=\"713\" data-end=\"891\">Un pack pensado para quienes disfrutan vinos con car\u00e1cter fresco y espont\u00e1neo.<br data-start=\"815\" data-end=\"818\" \/>Incluye seis botellas seleccionadas de nuestras cosechas m\u00e1s recientes:<\/p>\n<ul data-start=\"892\" data-end=\"958\">\n<li data-start=\"892\" data-end=\"921\">\n<p data-start=\"894\" data-end=\"921\">2 \u00d7 Barbera Garnacha 2021<\/p>\n<\/li>\n<li data-start=\"922\" data-end=\"939\">\n<p data-start=\"924\" data-end=\"939\">2 \u00d7 Pa\u00eds 2023<\/p>\n<\/li>\n<li data-start=\"940\" data-end=\"958\">\n<p data-start=\"942\" data-end=\"958\">2 \u00d7 Syrah 2022<\/p>\n<\/li>\n<\/ul>\n<p data-start=\"960\" data-end=\"1060\">Vinos de perfil frutal, con acidez viva y aromas intensos, ideales para compartir en buena compa\u00f1\u00eda.<\/p>","protected":false},"excerpt":{"rendered":"<p>Un pack pensado para quienes disfrutan vinos con car\u00e1cter fresco y espont\u00e1neo.<\/p>","protected":false},"featured_media":20304,"comment_status":"open","ping_status":"closed","template":"","meta":[],"product_brand":[],"product_cat":[207],"product_tag":[],"class_list":{"0":"post-20303","1":"product","2":"type-product","3":"status-publish","4":"has-post-thumbnail","6":"product_cat-varias","8":"first","9":"instock","10":"sale","11":"taxable","12":"shipping-taxable","13":"purchasable","14":"product-type-simple"},"yoast_head":"<!-- This site is optimized with the Yoast SEO plugin v25.3.1 - https:\/\/yoast.com\/wordpress\/plugins\/seo\/ -->\n<title>Mix Vinos J\u00f3venes - Erasmo<\/title>\n<meta name=\"description\" content=\"Un pack pensado para quienes disfrutan vinos con car\u00e1cter fresco y espont\u00e1neo.\" \/>\n<meta name=\"robots\" content=\"index, follow, max-snippet:-1, max-image-preview:large, max-video-preview:-1\" \/>\n<link rel=\"canonical\" href=\"https:\/\/caliboro.com\/en\/product\/mix-vinos-jovenes\/\" \/>\n<meta property=\"og:locale\" content=\"en_US\" \/>\n<meta property=\"og:type\" content=\"article\" \/>\n<meta property=\"og:title\" content=\"Mix Vinos J\u00f3venes - Erasmo\" \/>\n<meta property=\"og:description\" content=\"Un pack pensado para quienes disfrutan vinos con car\u00e1cter fresco y espont\u00e1neo.\" \/>\n<meta property=\"og:url\" content=\"https:\/\/caliboro.com\/en\/product\/mix-vinos-jovenes\/\" \/>\n<meta property=\"og:site_name\" content=\"Erasmo\" \/>\n<meta property=\"article:modified_time\" content=\"2025-11-14T04:23:48+00:00\" \/>\n<meta property=\"og:image\" content=\"https:\/\/caliboro.com\/wp-content\/uploads\/2025\/11\/Mix-Vinos-Jovenes.png\" \/>\n\t<meta property=\"og:image:width\" content=\"1000\" \/>\n\t<meta property=\"og:image:height\" content=\"1000\" \/>\n\t<meta property=\"og:image:type\" content=\"image\/png\" \/>\n<meta name=\"twitter:card\" content=\"summary_large_image\" \/>\n<meta name=\"twitter:label1\" content=\"Est. reading time\" \/>\n\t<meta name=\"twitter:data1\" content=\"1 minute\" \/>\n<script type=\"application\/ld+json\" class=\"yoast-schema-graph\">{\"@context\":\"https:\/\/schema.org\",\"@graph\":[{\"@type\":\"WebPage\",\"@id\":\"https:\/\/caliboro.com\/product\/mix-vinos-jovenes\/\",\"url\":\"https:\/\/caliboro.com\/product\/mix-vinos-jovenes\/\",\"name\":\"Mix Vinos J\u00f3venes - Erasmo\",\"isPartOf\":{\"@id\":\"https:\/\/caliboro.com\/#website\"},\"primaryImageOfPage\":{\"@id\":\"https:\/\/caliboro.com\/product\/mix-vinos-jovenes\/#primaryimage\"},\"image\":{\"@id\":\"https:\/\/caliboro.com\/product\/mix-vinos-jovenes\/#primaryimage\"},\"thumbnailUrl\":\"https:\/\/caliboro.com\/wp-content\/uploads\/2025\/11\/Mix-Vinos-Jovenes.png\",\"datePublished\":\"2025-11-04T12:21:09+00:00\",\"dateModified\":\"2025-11-14T04:23:48+00:00\",\"description\":\"Un pack pensado para quienes disfrutan vinos con car\u00e1cter fresco y espont\u00e1neo.\",\"breadcrumb\":{\"@id\":\"https:\/\/caliboro.com\/product\/mix-vinos-jovenes\/#breadcrumb\"},\"inLanguage\":\"en-US\",\"potentialAction\":[{\"@type\":\"ReadAction\",\"target\":[\"https:\/\/caliboro.com\/product\/mix-vinos-jovenes\/\"]}]},{\"@type\":\"ImageObject\",\"inLanguage\":\"en-US\",\"@id\":\"https:\/\/caliboro.com\/product\/mix-vinos-jovenes\/#primaryimage\",\"url\":\"https:\/\/caliboro.com\/wp-content\/uploads\/2025\/11\/Mix-Vinos-Jovenes.png\",\"contentUrl\":\"https:\/\/caliboro.com\/wp-content\/uploads\/2025\/11\/Mix-Vinos-Jovenes.png\",\"width\":1000,\"height\":1000},{\"@type\":\"BreadcrumbList\",\"@id\":\"https:\/\/caliboro.com\/product\/mix-vinos-jovenes\/#breadcrumb\",\"itemListElement\":[{\"@type\":\"ListItem\",\"position\":1,\"name\":\"Portada\",\"item\":\"https:\/\/caliboro.com\/\"},{\"@type\":\"ListItem\",\"position\":2,\"name\":\"Shop\",\"item\":\"https:\/\/caliboro.com\/shop\/\"},{\"@type\":\"ListItem\",\"position\":3,\"name\":\"Mix Vinos J\u00f3venes\"}]},{\"@type\":\"WebSite\",\"@id\":\"https:\/\/caliboro.com\/#website\",\"url\":\"https:\/\/caliboro.com\/\",\"name\":\"Erasmo\",\"description\":\"Erasmo\",\"publisher\":{\"@id\":\"https:\/\/caliboro.com\/#organization\"},\"potentialAction\":[{\"@type\":\"SearchAction\",\"target\":{\"@type\":\"EntryPoint\",\"urlTemplate\":\"https:\/\/caliboro.com\/?s={search_term_string}\"},\"query-input\":{\"@type\":\"PropertyValueSpecification\",\"valueRequired\":true,\"valueName\":\"search_term_string\"}}],\"inLanguage\":\"en-US\"},{\"@type\":\"Organization\",\"@id\":\"https:\/\/caliboro.com\/#organization\",\"name\":\"Erasmo\",\"url\":\"https:\/\/caliboro.com\/\",\"logo\":{\"@type\":\"ImageObject\",\"inLanguage\":\"en-US\",\"@id\":\"https:\/\/caliboro.com\/#\/schema\/logo\/image\/\",\"url\":\"https:\/\/caliboro.com\/wp-content\/uploads\/2022\/02\/cropped-LOGO-ERASMO-COLOR.png\",\"contentUrl\":\"https:\/\/caliboro.com\/wp-content\/uploads\/2022\/02\/cropped-LOGO-ERASMO-COLOR.png\",\"width\":2362,\"height\":1792,\"caption\":\"Erasmo\"},\"image\":{\"@id\":\"https:\/\/caliboro.com\/#\/schema\/logo\/image\/\"}}]}<\/script>\n<!-- \/ Yoast SEO plugin. -->","yoast_head_json":{"title":"Mix Vinos J\u00f3venes - Erasmo","description":"Un pack pensado para quienes disfrutan vinos con car\u00e1cter fresco y espont\u00e1neo.","robots":{"index":"index","follow":"follow","max-snippet":"max-snippet:-1","max-image-preview":"max-image-preview:large","max-video-preview":"max-video-preview:-1"},"canonical":"https:\/\/caliboro.com\/en\/product\/mix-vinos-jovenes\/","og_locale":"en_US","og_type":"article","og_title":"Mix Vinos J\u00f3venes - Erasmo","og_description":"Un pack pensado para quienes disfrutan vinos con car\u00e1cter fresco y espont\u00e1neo.","og_url":"https:\/\/caliboro.com\/en\/product\/mix-vinos-jovenes\/","og_site_name":"Erasmo","article_modified_time":"2025-11-14T04:23:48+00:00","og_image":[{"width":1000,"height":1000,"url":"https:\/\/caliboro.com\/wp-content\/uploads\/2025\/11\/Mix-Vinos-Jovenes.png","type":"image\/png"}],"twitter_card":"summary_large_image","twitter_misc":{"Est. reading time":"1 minute"},"schema":{"@context":"https:\/\/schema.org","@graph":[{"@type":"WebPage","@id":"https:\/\/caliboro.com\/product\/mix-vinos-jovenes\/","url":"https:\/\/caliboro.com\/product\/mix-vinos-jovenes\/","name":"Mix Vinos J\u00f3venes - Erasmo","isPartOf":{"@id":"https:\/\/caliboro.com\/#website"},"primaryImageOfPage":{"@id":"https:\/\/caliboro.com\/product\/mix-vinos-jovenes\/#primaryimage"},"image":{"@id":"https:\/\/caliboro.com\/product\/mix-vinos-jovenes\/#primaryimage"},"thumbnailUrl":"https:\/\/caliboro.com\/wp-content\/uploads\/2025\/11\/Mix-Vinos-Jovenes.png","datePublished":"2025-11-04T12:21:09+00:00","dateModified":"2025-11-14T04:23:48+00:00","description":"Un pack pensado para quienes disfrutan vinos con car\u00e1cter fresco y espont\u00e1neo.","breadcrumb":{"@id":"https:\/\/caliboro.com\/product\/mix-vinos-jovenes\/#breadcrumb"},"inLanguage":"en-US","potentialAction":[{"@type":"ReadAction","target":["https:\/\/caliboro.com\/product\/mix-vinos-jovenes\/"]}]},{"@type":"ImageObject","inLanguage":"en-US","@id":"https:\/\/caliboro.com\/product\/mix-vinos-jovenes\/#primaryimage","url":"https:\/\/caliboro.com\/wp-content\/uploads\/2025\/11\/Mix-Vinos-Jovenes.png","contentUrl":"https:\/\/caliboro.com\/wp-content\/uploads\/2025\/11\/Mix-Vinos-Jovenes.png","width":1000,"height":1000},{"@type":"BreadcrumbList","@id":"https:\/\/caliboro.com\/product\/mix-vinos-jovenes\/#breadcrumb","itemListElement":[{"@type":"ListItem","position":1,"name":"Portada","item":"https:\/\/caliboro.com\/"},{"@type":"ListItem","position":2,"name":"Shop","item":"https:\/\/caliboro.com\/shop\/"},{"@type":"ListItem","position":3,"name":"Mix Vinos J\u00f3venes"}]},{"@type":"WebSite","@id":"https:\/\/caliboro.com\/#website","url":"https:\/\/caliboro.com\/","name":"Erasmo","description":"Erasmo","publisher":{"@id":"https:\/\/caliboro.com\/#organization"},"potentialAction":[{"@type":"SearchAction","target":{"@type":"EntryPoint","urlTemplate":"https:\/\/caliboro.com\/?s={search_term_string}"},"query-input":{"@type":"PropertyValueSpecification","valueRequired":true,"valueName":"search_term_string"}}],"inLanguage":"en-US"},{"@type":"Organization","@id":"https:\/\/caliboro.com\/#organization","name":"Erasmo","url":"https:\/\/caliboro.com\/","logo":{"@type":"ImageObject","inLanguage":"en-US","@id":"https:\/\/caliboro.com\/#\/schema\/logo\/image\/","url":"https:\/\/caliboro.com\/wp-content\/uploads\/2022\/02\/cropped-LOGO-ERASMO-COLOR.png","contentUrl":"https:\/\/caliboro.com\/wp-content\/uploads\/2022\/02\/cropped-LOGO-ERASMO-COLOR.png","width":2362,"height":1792,"caption":"Erasmo"},"image":{"@id":"https:\/\/caliboro.com\/#\/schema\/logo\/image\/"}}]}},"_links":{"self":[{"href":"https:\/\/caliboro.com\/en\/wp-json\/wp\/v2\/product\/20303","targetHints":{"allow":["GET"]}}],"collection":[{"href":"https:\/\/caliboro.com\/en\/wp-json\/wp\/v2\/product"}],"about":[{"href":"https:\/\/caliboro.com\/en\/wp-json\/wp\/v2\/types\/product"}],"replies":[{"embeddable":true,"href":"https:\/\/caliboro.com\/en\/wp-json\/wp\/v2\/comments?post=20303"}],"wp:featuredmedia":[{"embeddable":true,"href":"https:\/\/caliboro.com\/en\/wp-json\/wp\/v2\/media\/20304"}],"wp:attachment":[{"href":"https:\/\/caliboro.com\/en\/wp-json\/wp\/v2\/media?parent=20303"}],"wp:term":[{"taxonomy":"product_brand","embeddable":true,"href":"https:\/\/caliboro.com\/en\/wp-json\/wp\/v2\/product_brand?post=20303"},{"taxonomy":"product_cat","embeddable":true,"href":"https:\/\/caliboro.com\/en\/wp-json\/wp\/v2\/product_cat?post=20303"},{"taxonomy":"product_tag","embeddable":true,"href":"https:\/\/caliboro.com\/en\/wp-json\/wp\/v2\/product_tag?post=20303"}],"curies":[{"name":"wp","href":"https:\/\/api.w.org\/{rel}","templated":true}]}}